{"id":64,"date":"2022-05-19T18:03:48","date_gmt":"2022-05-19T22:03:48","guid":{"rendered":"https:\/\/tforcefreightcanada.com\/portal\/careers-2\/"},"modified":"2022-07-27T17:58:34","modified_gmt":"2022-07-27T21:58:34","slug":"carrieres","status":"publish","type":"page","link":"https:\/\/tforcefreightcanada.com\/portal\/carrieres\/","title":{"rendered":"Carri\u00e8res"},"content":{"rendered":"","protected":false},"excerpt":{"rendered":"","protected":false},"author":1,"featured_media":0,"parent":0,"menu_order":0,"comment_status":"closed","ping_status":"closed","template":"page-careers-fr.php","meta":{"_acf_changed":false,"footnotes":""},"class_list":["post-64","page","type-page","status-publish","hentry","entry"],"acf":[],"yoast_head":"<!-- This site is optimized with the Yoast SEO plugin v26.9 - https:\/\/yoast.com\/product\/yoast-seo-wordpress\/ -->\n<title>Postes avec TForce Freight Canada | Soumettez votre candidature maintenant!<\/title>\n<meta name=\"description\" content=\"Soumettez votre candidature d\u00e8s maintenant pour faire partie d\u2019une soci\u00e9t\u00e9 TFI offrant des emplois satisfaisants dans le secteur du transport avec salaires concurrentiels, \u00e9quilibre travail-famille et plus encore!\" \/>\n<meta name=\"robots\" content=\"index, follow, max-snippet:-1, max-image-preview:large, max-video-preview:-1\" \/>\n<link rel=\"canonical\" href=\"https:\/\/tforcefreightcanada.com\/portal\/carrieres\/\" \/>\n<meta property=\"og:locale\" content=\"en_US\" \/>\n<meta property=\"og:type\" content=\"article\" \/>\n<meta property=\"og:title\" content=\"Postes avec TForce Freight Canada | Soumettez votre candidature maintenant!\" \/>\n<meta property=\"og:description\" content=\"Soumettez votre candidature d\u00e8s maintenant pour faire partie d\u2019une soci\u00e9t\u00e9 TFI offrant des emplois satisfaisants dans le secteur du transport avec salaires concurrentiels, \u00e9quilibre travail-famille et plus encore!\" \/>\n<meta property=\"og:url\" content=\"https:\/\/tforcefreightcanada.com\/portal\/carrieres\/\" \/>\n<meta property=\"og:site_name\" content=\"TForce Freight Canada\" \/>\n<meta property=\"article:modified_time\" content=\"2022-07-27T21:58:34+00:00\" \/>\n<meta name=\"twitter:card\" content=\"summary_large_image\" \/>\n<script type=\"application\/ld+json\" class=\"yoast-schema-graph\">{\"@context\":\"https:\/\/schema.org\",\"@graph\":[{\"@type\":\"WebPage\",\"@id\":\"https:\/\/tforcefreightcanada.com\/portal\/carrieres\/\",\"url\":\"https:\/\/tforcefreightcanada.com\/portal\/carrieres\/\",\"name\":\"Postes avec TForce Freight Canada | Soumettez votre candidature maintenant!\",\"isPartOf\":{\"@id\":\"https:\/\/tforcefreightcanada.com\/portal\/#website\"},\"datePublished\":\"2022-05-19T22:03:48+00:00\",\"dateModified\":\"2022-07-27T21:58:34+00:00\",\"description\":\"Soumettez votre candidature d\u00e8s maintenant pour faire partie d\u2019une soci\u00e9t\u00e9 TFI offrant des emplois satisfaisants dans le secteur du transport avec salaires concurrentiels, \u00e9quilibre travail-famille et plus encore!\",\"breadcrumb\":{\"@id\":\"https:\/\/tforcefreightcanada.com\/portal\/carrieres\/#breadcrumb\"},\"inLanguage\":\"en-CA\",\"potentialAction\":[{\"@type\":\"ReadAction\",\"target\":[\"https:\/\/tforcefreightcanada.com\/portal\/carrieres\/\"]}]},{\"@type\":\"BreadcrumbList\",\"@id\":\"https:\/\/tforcefreightcanada.com\/portal\/carrieres\/#breadcrumb\",\"itemListElement\":[{\"@type\":\"ListItem\",\"position\":1,\"name\":\"Home\",\"item\":\"https:\/\/tforcefreightcanada.com\/portal\/\"},{\"@type\":\"ListItem\",\"position\":2,\"name\":\"Carri\u00e8res\"}]},{\"@type\":\"WebSite\",\"@id\":\"https:\/\/tforcefreightcanada.com\/portal\/#website\",\"url\":\"https:\/\/tforcefreightcanada.com\/portal\/\",\"name\":\"TForce Freight Canada\",\"description\":\"\",\"potentialAction\":[{\"@type\":\"SearchAction\",\"target\":{\"@type\":\"EntryPoint\",\"urlTemplate\":\"https:\/\/tforcefreightcanada.com\/portal\/?s={search_term_string}\"},\"query-input\":{\"@type\":\"PropertyValueSpecification\",\"valueRequired\":true,\"valueName\":\"search_term_string\"}}],\"inLanguage\":\"en-CA\"}]}<\/script>\n<!-- \/ Yoast SEO plugin. -->","yoast_head_json":{"title":"Postes avec TForce Freight Canada | Soumettez votre candidature maintenant!","description":"Soumettez votre candidature d\u00e8s maintenant pour faire partie d\u2019une soci\u00e9t\u00e9 TFI offrant des emplois satisfaisants dans le secteur du transport avec salaires concurrentiels, \u00e9quilibre travail-famille et plus encore!","robots":{"index":"index","follow":"follow","max-snippet":"max-snippet:-1","max-image-preview":"max-image-preview:large","max-video-preview":"max-video-preview:-1"},"canonical":"https:\/\/tforcefreightcanada.com\/portal\/carrieres\/","og_locale":"en_US","og_type":"article","og_title":"Postes avec TForce Freight Canada | Soumettez votre candidature maintenant!","og_description":"Soumettez votre candidature d\u00e8s maintenant pour faire partie d\u2019une soci\u00e9t\u00e9 TFI offrant des emplois satisfaisants dans le secteur du transport avec salaires concurrentiels, \u00e9quilibre travail-famille et plus encore!","og_url":"https:\/\/tforcefreightcanada.com\/portal\/carrieres\/","og_site_name":"TForce Freight Canada","article_modified_time":"2022-07-27T21:58:34+00:00","twitter_card":"summary_large_image","schema":{"@context":"https:\/\/schema.org","@graph":[{"@type":"WebPage","@id":"https:\/\/tforcefreightcanada.com\/portal\/carrieres\/","url":"https:\/\/tforcefreightcanada.com\/portal\/carrieres\/","name":"Postes avec TForce Freight Canada | Soumettez votre candidature maintenant!","isPartOf":{"@id":"https:\/\/tforcefreightcanada.com\/portal\/#website"},"datePublished":"2022-05-19T22:03:48+00:00","dateModified":"2022-07-27T21:58:34+00:00","description":"Soumettez votre candidature d\u00e8s maintenant pour faire partie d\u2019une soci\u00e9t\u00e9 TFI offrant des emplois satisfaisants dans le secteur du transport avec salaires concurrentiels, \u00e9quilibre travail-famille et plus encore!","breadcrumb":{"@id":"https:\/\/tforcefreightcanada.com\/portal\/carrieres\/#breadcrumb"},"inLanguage":"en-CA","potentialAction":[{"@type":"ReadAction","target":["https:\/\/tforcefreightcanada.com\/portal\/carrieres\/"]}]},{"@type":"BreadcrumbList","@id":"https:\/\/tforcefreightcanada.com\/portal\/carrieres\/#breadcrumb","itemListElement":[{"@type":"ListItem","position":1,"name":"Home","item":"https:\/\/tforcefreightcanada.com\/portal\/"},{"@type":"ListItem","position":2,"name":"Carri\u00e8res"}]},{"@type":"WebSite","@id":"https:\/\/tforcefreightcanada.com\/portal\/#website","url":"https:\/\/tforcefreightcanada.com\/portal\/","name":"TForce Freight Canada","description":"","potentialAction":[{"@type":"SearchAction","target":{"@type":"EntryPoint","urlTemplate":"https:\/\/tforcefreightcanada.com\/portal\/?s={search_term_string}"},"query-input":{"@type":"PropertyValueSpecification","valueRequired":true,"valueName":"search_term_string"}}],"inLanguage":"en-CA"}]}},"_links":{"self":[{"href":"https:\/\/tforcefreightcanada.com\/portal\/wp-json\/wp\/v2\/pages\/64","targetHints":{"allow":["GET"]}}],"collection":[{"href":"https:\/\/tforcefreightcanada.com\/portal\/wp-json\/wp\/v2\/pages"}],"about":[{"href":"https:\/\/tforcefreightcanada.com\/portal\/wp-json\/wp\/v2\/types\/page"}],"author":[{"embeddable":true,"href":"https:\/\/tforcefreightcanada.com\/portal\/wp-json\/wp\/v2\/users\/1"}],"replies":[{"embeddable":true,"href":"https:\/\/tforcefreightcanada.com\/portal\/wp-json\/wp\/v2\/comments?post=64"}],"version-history":[{"count":1,"href":"https:\/\/tforcefreightcanada.com\/portal\/wp-json\/wp\/v2\/pages\/64\/revisions"}],"predecessor-version":[{"id":66,"href":"https:\/\/tforcefreightcanada.com\/portal\/wp-json\/wp\/v2\/pages\/64\/revisions\/66"}],"wp:attachment":[{"href":"https:\/\/tforcefreightcanada.com\/portal\/wp-json\/wp\/v2\/media?parent=64"}],"curies":[{"name":"wp","href":"https:\/\/api.w.org\/{rel}","templated":true}]}}